{"id":10789,"date":"2025-10-08T09:18:21","date_gmt":"2025-10-08T09:18:21","guid":{"rendered":"https:\/\/bemapharm.hu\/?post_type=product&#038;p=10789"},"modified":"2026-02-19T13:06:50","modified_gmt":"2026-02-19T13:06:50","slug":"up-green-power","status":"publish","type":"product","link":"https:\/\/bemapharm.hu\/hu\/termek\/up-green-power\/","title":{"rendered":"UP-GREEN POWER"},"content":{"rendered":"<div class=\"gFU-zLr1ZT\" data-id=\"gFU-zLr1ZT\" data-test-force-publish=\"1754243274934\">\n<div class=\"gp-flex\">\n<div class=\"gp-text-instant gp-text\" data-gp-text=\"\">\n<p data-start=\"45\" data-end=\"282\"><strong data-start=\"45\" data-end=\"146\">Az UP-GREEN POWER a n\u00f6v\u00e9nyi v\u00e1laszod a mindennapokban \u00e9s az \u00e1gyban jelentkez\u0151 f\u00e1radt pillanatokra.<\/strong><br data-start=\"146\" data-end=\"149\" \/>El\u00e9g a szintetikus vacakb\u00f3l \u2013 itt a koncentr\u00e1lt term\u00e9szetes er\u0151: kiv\u00e1l\u00f3 min\u0151s\u00e9g\u0171 n\u00f6v\u00e9nyi kivonatok, vitaminok \u00e9s esszenci\u00e1lis nyomelemek.<\/p>\n<p data-start=\"286\" data-end=\"308\">Orvosok \u00e1ltal fejlesztve<\/p>\n<p data-start=\"311\" data-end=\"328\">N\u00e9metorsz\u00e1gban k\u00e9sz\u00fclt<\/p>\n<p data-start=\"331\" data-end=\"357\">Kiv\u00e1l\u00f3 min\u0151s\u00e9g\u0171 \u00f6sszetev\u0151k<\/p>\n<p data-start=\"360\" data-end=\"454\">Az ingyenes kisz\u00e1ll\u00edt\u00e1s benne van az \u00e1rban, ut\u00e1nv\u00e9tes d\u00edjat pedig nem sz\u00e1m\u00edtunk fel a GLS eset\u00e9ben.<\/p>\n<\/div>\n<\/div>\n<\/div>","protected":false},"excerpt":{"rendered":"<p data-start=\"591\" data-end=\"657\"><strong data-start=\"591\" data-end=\"657\">Term\u00e9szetes energiakomplexum akt\u00edv f\u00e9rfiaknak \u2013 \u00e9s m\u00e9g t\u00f6bb \u00f6r\u00f6m egy\u00fctt!<\/strong><\/p>\n<p data-start=\"659\" data-end=\"972\">Az Up-Green Power egy kifejezetten f\u00e9rfiak sz\u00e1m\u00e1ra kifejlesztett t\u00e1panyag-kombin\u00e1ci\u00f3, amely t\u00e1mogatja a vitalit\u00e1st az \u00e9let minden szakasz\u00e1ban. A 100%-ban term\u00e9szetes, veg\u00e1n formula gondosan v\u00e1logatott, bev\u00e1lt n\u00f6v\u00e9nyi kivonatokat (t\u00f6bbek k\u00f6z\u00f6tt ginzenget, guaran\u00e1t, mumij\u00f3t \u00e9s gy\u00f6mb\u00e9rt), valamint B3- \u00e9s C-vitamint, nyomelemeket (cinket) \u00e9s koffeint tartalmaz.<\/p>\n<p data-start=\"974\" data-end=\"1113\">M\u00e1r egyetlen kapszula is seg\u00edthet cs\u00f6kkenteni a f\u00e1radts\u00e1got \u00e9s a kimer\u00fclts\u00e9get, fokozni az energia-anyagcser\u00e9t, \u00e9s hozz\u00e1j\u00e1rulni a v\u00e9r norm\u00e1l tesztoszteronszintj\u00e9nek fenntart\u00e1s\u00e1hoz.<\/p>\n<p data-start=\"1115\" data-end=\"1155\"><strong data-start=\"1115\" data-end=\"1155\">T\u00f6bb f\u00e9rfias vitalit\u00e1s a Green Powerrel!<\/strong><\/p>\n<p data-start=\"1157\" data-end=\"1223\"><strong data-start=\"1157\" data-end=\"1170\">Tartalom<\/strong> Energiakomplex akt\u00edv f\u00e9rfiaknak \u2013 4 kapszula csomagonk\u00e9nt.<\/p>\n<p data-start=\"1225\" data-end=\"1351\"><strong data-start=\"1225\" data-end=\"1257\">100%-ban term\u00e9szetes, veg\u00e1n formula:<\/strong> Gondosan v\u00e1logatott n\u00f6v\u00e9nyi kivonatok vitaminokkal \u00e9s nyomelemekkel. 5,5 mg koffeint tartalmaz.<\/p>\n<p data-start=\"1353\" data-end=\"1492\"><strong data-start=\"1353\" data-end=\"1365\">F\u00e9rfiaknak<\/strong><br data-start=\"1365\" data-end=\"1368\" \/>Hozz\u00e1j\u00e1rul a norm\u00e1l energiatermel\u0151 anyagcser\u00e9hez, a f\u00e1radts\u00e1g \u00e9s a kimer\u00fclts\u00e9g cs\u00f6kkent\u00e9s\u00e9hez, valamint a norm\u00e1l tesztoszteronszint fenntart\u00e1s\u00e1hoz.<\/p>\n<p data-start=\"1494\" data-end=\"1563\"><strong data-start=\"1494\" data-end=\"1520\">Csak 1 kapszula sz\u00fcks\u00e9ges:<\/strong> F\u00e9rfi vitalit\u00e1s t\u00e1mogat\u00e1s gyorsan \u00e9s egyszer\u0171en.<\/p>\n<p data-start=\"1565\" data-end=\"1574\"><strong data-start=\"1565\" data-end=\"1574\">Vegan<\/strong><\/p>","protected":false},"featured_media":10677,"comment_status":"open","ping_status":"closed","template":"","meta":[],"product_brand":[],"product_cat":[25],"product_tag":[],"class_list":{"0":"post-10789","1":"product","2":"type-product","3":"status-publish","4":"has-post-thumbnail","6":"product_cat-uncategorized","8":"first","9":"instock","10":"shipping-taxable","11":"purchasable","12":"product-type-variable"},"_links":{"self":[{"href":"https:\/\/bemapharm.hu\/hu\/wp-json\/wp\/v2\/product\/10789","targetHints":{"allow":["GET"]}}],"collection":[{"href":"https:\/\/bemapharm.hu\/hu\/wp-json\/wp\/v2\/product"}],"about":[{"href":"https:\/\/bemapharm.hu\/hu\/wp-json\/wp\/v2\/types\/product"}],"replies":[{"embeddable":true,"href":"https:\/\/bemapharm.hu\/hu\/wp-json\/wp\/v2\/comments?post=10789"}],"wp:featuredmedia":[{"embeddable":true,"href":"https:\/\/bemapharm.hu\/hu\/wp-json\/wp\/v2\/media\/10677"}],"wp:attachment":[{"href":"https:\/\/bemapharm.hu\/hu\/wp-json\/wp\/v2\/media?parent=10789"}],"wp:term":[{"taxonomy":"product_brand","embeddable":true,"href":"https:\/\/bemapharm.hu\/hu\/wp-json\/wp\/v2\/product_brand?post=10789"},{"taxonomy":"product_cat","embeddable":true,"href":"https:\/\/bemapharm.hu\/hu\/wp-json\/wp\/v2\/product_cat?post=10789"},{"taxonomy":"product_tag","embeddable":true,"href":"https:\/\/bemapharm.hu\/hu\/wp-json\/wp\/v2\/product_tag?post=10789"}],"curies":[{"name":"wp","href":"https:\/\/api.w.org\/{rel}","templated":true}]}}